{"id":90,"date":"2025-03-14T23:39:09","date_gmt":"2025-03-14T23:39:09","guid":{"rendered":"https:\/\/1lavanderiacabral.com.br\/?page_id=90"},"modified":"2025-03-15T11:19:47","modified_gmt":"2025-03-15T15:19:47","slug":"como-funciona","status":"publish","type":"page","link":"https:\/\/1lavanderiacabral.com.br\/home\/como-funciona\/","title":{"rendered":"Como Funciona"},"content":{"rendered":"\n<p><strong>Como Usar a #1 Lavanderia &#8211; Passo a Passo<\/strong><\/p>\n\n\n\n<p><strong>Bem-vindo \u00e0 #1 Lavanderia!<\/strong><br>Aqui, facilitamos o processo de lavagem das suas roupas de maneira r\u00e1pida e eficiente. Siga os passos abaixo para garantir que voc\u00ea aproveite ao m\u00e1ximo nossos servi\u00e7os.<\/p>\n\n\n\n<p><\/p>\n\n\n\n<p><strong>1. PREPARA\u00c7\u00c3O DAS ROUPAS<\/strong><\/p>\n\n\n\n<p><strong>Separe suas roupas<\/strong>: Organize suas roupas por tipo e cor (roupas claras e escuras separadas) para evitar manchas.<\/p>\n\n\n\n<p><strong>Verifique as etiquetas<\/strong>: Sempre confira as instru\u00e7\u00f5es de lavagem nas etiquetas das roupas, para garantir que n\u00e3o haver\u00e1 danos.<\/p>\n\n\n\n<p><strong>Trate manchas<\/strong>: Se houver manchas vis\u00edveis, recomendamos tratar as \u00e1reas afetadas com um removedor de manchas antes de colocar na m\u00e1quina.<\/p>\n\n\n\n<p><strong>Cesto Medidor<\/strong>: Respeite as indica\u00e7\u00f5es do cesto medidor. As m\u00e1quinas possuem uma capacidade m\u00e1xima e, para garantir uma lavagem ou secagem eficiente, \u00e9 importante n\u00e3o sobrecarregar o sistema.<\/p>\n\n\n\n<p><\/p>\n\n\n\n<p><strong>2. PAGAMENTO<\/strong><\/p>\n\n\n\n<p>O pagamento deve ser feito&nbsp;<strong>antes de utilizar a m\u00e1quina<\/strong>. Voc\u00ea pode pagar de duas formas:<\/p>\n\n\n\n<p><strong>Via App<\/strong>: Realize o pagamento diretamente pelo nosso aplicativo, de maneira r\u00e1pida e pr\u00e1tica.<\/p>\n\n\n\n<p><strong>Via Maquininha<\/strong>: Caso prefira, voc\u00ea tamb\u00e9m pode pagar utilizando a maquininha de cart\u00e3o dispon\u00edvel no estabelecimento.<\/p>\n\n\n\n<p><\/p>\n\n\n\n<p><strong>3. EXECU\u00c7\u00c3O DO CICLO<\/strong><\/p>\n\n\n\n<p><strong>M\u00e1quina de Lavar<\/strong><\/p>\n\n\n\n<p>Ap\u00f3s o pagamento, o produto dispon\u00edvel ir\u00e1 apitar e voc\u00ea poder\u00e1 distribuir as roupas, fechar a porta e escolher o ciclo que melhor atenda \u00e0s suas prefer\u00eancias.<br>Lembre-se de que nossos produtos de alta tecnologia realizar\u00e3o automaticamente a dosagem de sab\u00e3o e amaciante. <strong>N\u00e3o \u00e9 necess\u00e1rio trazer sab\u00e3o ou amaciante de casa!<\/strong> A m\u00e1quina se encarrega de dosar a quantidade ideal de produto para garantir uma lavagem eficaz e de alta qualidade, sem que voc\u00ea precise se preocupar com isso.<\/p>\n\n\n\n<p><strong>Sab\u00e3o OMO PRO<\/strong>: Utilizamos sab\u00e3o OMO da linha PRO, com enzimas de alta performance. Ele aumenta a vida \u00fatil dos tecidos, al\u00e9m de reduzir o consumo de \u00e1gua e energia.<\/p>\n\n\n\n<p><strong>Amaciante Comfort PRO<\/strong>: O amaciante Comfort PRO evita a forma\u00e7\u00e3o de bolinhas, protege as cores dos tecidos, mant\u00e9m a elasticidade das roupas e \u00e9 um produto sustent\u00e1vel, com ingrediente ativo biodegrad\u00e1vel, que n\u00e3o agride a natureza.<\/p>\n\n\n\n<p><strong>M\u00e1quina de Secar<\/strong><\/p>\n\n\n\n<p>Ap\u00f3s o pagamento, o produto dispon\u00edvel ir\u00e1 apitar e voc\u00ea poder\u00e1 distribuir as roupas. Verifique se o filtro da secadora est\u00e1 limpo,   feche a porta e escolha o ciclo de secagem que melhor atenda \u00e0s suas prefer\u00eancias. Lembre-se de verificar a etiqueta das roupas para garantir que podem ser secas na m\u00e1quina. <br><strong>Importante<\/strong>: Remova as roupas da secadora imediatamente ap\u00f3s o ciclo terminar, dobre as roupas ainda quentes para um melhor resultado evitando a necessidade de passar a maioria das pe\u00e7as.<\/p>\n\n\n\n<p><\/p>\n\n\n\n<p><strong>Durante o ciclo de lavagem ou secagem,<\/strong> voc\u00ea pode relaxar e aproveitar outras comodidades que oferecemos, como Wi-Fi gratuito, TV com Netflix e Disney+, jogos de tabuleiro, tudo isso em uma \u00e1rea de espera segura, confort\u00e1vel e climatizada.<\/p>\n\n\n\n<hr class=\"wp-block-separator has-alpha-channel-opacity\"\/>\n\n\n\n<p><strong>Agradecemos por escolher a #1 Lavanderia Cabral<\/strong>!<\/p>\n","protected":false},"excerpt":{"rendered":"<p>Como Usar a #1 Lavanderia &#8211; Passo a Passo Bem-vindo \u00e0 #1 Lavanderia!Aqui, facilitamos o processo de lavagem das suas roupas de maneira r\u00e1pida e eficiente. Siga os passos abaixo para garantir que voc\u00ea aproveite ao m\u00e1ximo nossos servi\u00e7os. 1. PREPARA\u00c7\u00c3O DAS ROUPAS Separe suas roupas: Organize suas roupas por tipo e cor (roupas claras [&hellip;]<\/p>\n","protected":false},"author":1,"featured_media":92,"parent":0,"menu_order":0,"comment_status":"closed","ping_status":"closed","template":"","meta":{"footnotes":""},"class_list":["post-90","page","type-page","status-publish","has-post-thumbnail","hentry"],"_links":{"self":[{"href":"https:\/\/1lavanderiacabral.com.br\/home\/wp-json\/wp\/v2\/pages\/90","targetHints":{"allow":["GET"]}}],"collection":[{"href":"https:\/\/1lavanderiacabral.com.br\/home\/wp-json\/wp\/v2\/pages"}],"about":[{"href":"https:\/\/1lavanderiacabral.com.br\/home\/wp-json\/wp\/v2\/types\/page"}],"author":[{"embeddable":true,"href":"https:\/\/1lavanderiacabral.com.br\/home\/wp-json\/wp\/v2\/users\/1"}],"replies":[{"embeddable":true,"href":"https:\/\/1lavanderiacabral.com.br\/home\/wp-json\/wp\/v2\/comments?post=90"}],"version-history":[{"count":6,"href":"https:\/\/1lavanderiacabral.com.br\/home\/wp-json\/wp\/v2\/pages\/90\/revisions"}],"predecessor-version":[{"id":131,"href":"https:\/\/1lavanderiacabral.com.br\/home\/wp-json\/wp\/v2\/pages\/90\/revisions\/131"}],"wp:featuredmedia":[{"embeddable":true,"href":"https:\/\/1lavanderiacabral.com.br\/home\/wp-json\/wp\/v2\/media\/92"}],"wp:attachment":[{"href":"https:\/\/1lavanderiacabral.com.br\/home\/wp-json\/wp\/v2\/media?parent=90"}],"curies":[{"name":"wp","href":"https:\/\/api.w.org\/{rel}","templated":true}]}}