{"id":115,"date":"2025-03-15T11:37:40","date_gmt":"2025-03-15T15:37:40","guid":{"rendered":"https:\/\/1lavanderiacabral.com.br\/?page_id=115"},"modified":"2025-03-15T11:37:40","modified_gmt":"2025-03-15T15:37:40","slug":"promocao","status":"publish","type":"page","link":"https:\/\/1lavanderiacabral.com.br\/home\/promocao\/","title":{"rendered":"Promo\u00e7\u00e3o"},"content":{"rendered":"\n<p><\/p>\n\n\n\n<p><strong>SEMANA DO CONSUMIDOR (15% OFF)<\/strong><\/p>\n\n\n\n<p>\u00cdnicio: 12 de Mar\u00e7o 2025<\/p>\n\n\n\n<p>Fim: 15 de Mar\u00e7o 2025<\/p>\n\n\n\n<p>Cupom: <strong>CONSUMIDOR15 <\/strong><\/p>\n","protected":false},"excerpt":{"rendered":"<p>SEMANA DO CONSUMIDOR (15% OFF) \u00cdnicio: 12 de Mar\u00e7o 2025 Fim: 15 de Mar\u00e7o 2025 Cupom: CONSUMIDOR15<\/p>\n","protected":false},"author":1,"featured_media":117,"parent":0,"menu_order":0,"comment_status":"closed","ping_status":"closed","template":"","meta":{"footnotes":""},"class_list":["post-115","page","type-page","status-publish","has-post-thumbnail","hentry"],"_links":{"self":[{"href":"https:\/\/1lavanderiacabral.com.br\/home\/wp-json\/wp\/v2\/pages\/115","targetHints":{"allow":["GET"]}}],"collection":[{"href":"https:\/\/1lavanderiacabral.com.br\/home\/wp-json\/wp\/v2\/pages"}],"about":[{"href":"https:\/\/1lavanderiacabral.com.br\/home\/wp-json\/wp\/v2\/types\/page"}],"author":[{"embeddable":true,"href":"https:\/\/1lavanderiacabral.com.br\/home\/wp-json\/wp\/v2\/users\/1"}],"replies":[{"embeddable":true,"href":"https:\/\/1lavanderiacabral.com.br\/home\/wp-json\/wp\/v2\/comments?post=115"}],"version-history":[{"count":1,"href":"https:\/\/1lavanderiacabral.com.br\/home\/wp-json\/wp\/v2\/pages\/115\/revisions"}],"predecessor-version":[{"id":118,"href":"https:\/\/1lavanderiacabral.com.br\/home\/wp-json\/wp\/v2\/pages\/115\/revisions\/118"}],"wp:featuredmedia":[{"embeddable":true,"href":"https:\/\/1lavanderiacabral.com.br\/home\/wp-json\/wp\/v2\/media\/117"}],"wp:attachment":[{"href":"https:\/\/1lavanderiacabral.com.br\/home\/wp-json\/wp\/v2\/media?parent=115"}],"curies":[{"name":"wp","href":"https:\/\/api.w.org\/{rel}","templated":true}]}}