{"id":106,"date":"2025-03-15T00:51:09","date_gmt":"2025-03-15T00:51:09","guid":{"rendered":"https:\/\/1lavanderiacabral.com.br\/?page_id=106"},"modified":"2025-03-15T00:51:09","modified_gmt":"2025-03-15T00:51:09","slug":"duvidas","status":"publish","type":"page","link":"https:\/\/1lavanderiacabral.com.br\/home\/duvidas\/","title":{"rendered":"D\u00favidas frequentes"},"content":{"rendered":"\n<p><strong>O que \u00e9 uma lavanderia de autoatendimento?<\/strong><\/p>\n\n\n\n<p>Uma lavanderia de autoatendimento \u00e9 um servi\u00e7o onde o pr\u00f3prio cliente gerencia o processo de lavar e secar suas roupas de forma pr\u00e1tica e intuitiva.<\/p>\n\n\n\n<p><strong>Como funciona o ciclo das m\u00e1quinas na #1 Lavanderia?<\/strong><\/p>\n\n\n\n<p>Na #1 Lavanderia, utilizamos tecnologia de ponta com equipamentos da linha profissional da LG. O ciclo da nossa m\u00e1quina de lavar, que inclui lavagem, enx\u00e1gue e centrifuga\u00e7\u00e3o, \u00e9 conclu\u00eddo em apenas 33 minutos. J\u00e1 o ciclo de secagem dura 45 minutos. As m\u00e1quinas s\u00e3o de f\u00e1cil uso, com instru\u00e7\u00f5es claras e acess\u00edveis em nosso espa\u00e7o.<\/p>\n\n\n\n<p><strong>Quais formas de pagamento est\u00e3o dispon\u00edveis?<\/strong><\/p>\n\n\n\n<p>Voc\u00ea pode realizar o pagamento de v\u00e1rias maneiras na #1 Lavanderia: com cart\u00e3o de cr\u00e9dito, d\u00e9bito ou PIX atrav\u00e9s do totem de pagamento em nossa unidade ou diretamente pelo nosso aplicativo.<\/p>\n\n\n\n<p><strong>Preciso trazer sab\u00e3o e amaciante para usar a lavanderia de autoatendimento?<\/strong><\/p>\n\n\n\n<p>N\u00e3o se preocupe em trazer sab\u00e3o ou amaciante! Na #1 Lavanderia, nossas m\u00e1quinas da LG dosam automaticamente a quantidade ideal de produtos para garantir uma lavagem eficiente e de alta qualidade.<br>Utilizamos sab\u00e3o <strong>OMO da linha PRO<\/strong>, com enzimas que protegem os tecidos, aumentam sua durabilidade e ajudam a economizar \u00e1gua e energia.<br>O amaciante <strong>Comfort da linha PRO<\/strong> que usamos, evita a forma\u00e7\u00e3o de bolinhas, mant\u00e9m as cores vivas, conserva a elasticidade dos tecidos e \u00e9 ecol\u00f3gico, com ingredientes biodegrad\u00e1veis que n\u00e3o prejudicam o meio ambiente.<\/p>\n\n\n\n<p><strong>O que posso lavar e secar na #1 Lavanderia de autoatendimento?<\/strong><\/p>\n\n\n\n<p>Voc\u00ea pode lavar e secar itens como roupas do dia a dia, toalhas de banho, toalhas de mesa, panos de prato e roupas de cama (como len\u00e7\u00f3is, fronhas, colchas e edredons de solteiro ou casal \u2013 at\u00e9 o tamanho Queen).<br>\u00c9 importante seguir as orienta\u00e7\u00f5es e n\u00e3o ultrapassar a capacidade do cesto medidor, que suporta, em m\u00e9dia, 25 pe\u00e7as ou at\u00e9 10 kg de roupas molhadas.<\/p>\n\n\n\n<p><strong>O que n\u00e3o posso lavar ou secar na #1 Lavanderia de autoatendimento?<\/strong><\/p>\n\n\n\n<p>Existem algumas restri\u00e7\u00f5es. N\u00e3o aceitamos itens como: roupas de pets, cobertores, edredons King, tapetes, almofadas, panos de ch\u00e3o ou de limpeza, roupas formais ou de festas, sapatos, t\u00eanis, roupas de couro ou pe\u00e7as com graxa.<\/p>\n\n\n\n<p><strong>\u00c9 seguro utilizar a lavanderia de autoatendimento?<\/strong><\/p>\n\n\n\n<p>Sim, voc\u00ea pode ficar tranquilo! Durante o ciclo de lavagem, as portas das m\u00e1quinas permanecem bloqueadas. Nosso ambiente \u00e9 monitorado por c\u00e2meras internas e externas para sua seguran\u00e7a. Al\u00e9m disso, as m\u00e1quinas s\u00e3o higienizadas frequentemente com produtos especializados e passam por manuten\u00e7\u00e3o regular para garantir a seguran\u00e7a e o bem-estar de todos os nossos clientes.<\/p>\n\n\n\n<p><strong>Dicas importantes<\/strong><\/p>\n\n\n\n<p>\u00c9 recomendado que o cliente esteja presente ao final do ciclo de lavagem ou secagem para retirar suas roupas, permitindo que outra pessoa utilize a m\u00e1quina logo em seguida. <\/p>\n\n\n\n<p>Caso precise se ausentar, voc\u00ea pode baixar o aplicativo da #1 Lavanderia e acompanhar o tempo restante do ciclo diretamente pelo seu celular, garantindo que poder\u00e1 retornar a tempo para retirar suas roupas com tranquilidade.<\/p>\n","protected":false},"excerpt":{"rendered":"<p>O que \u00e9 uma lavanderia de autoatendimento? Uma lavanderia de autoatendimento \u00e9 um servi\u00e7o onde o pr\u00f3prio cliente gerencia o processo de lavar e secar suas roupas de forma pr\u00e1tica e intuitiva. Como funciona o ciclo das m\u00e1quinas na #1 Lavanderia? Na #1 Lavanderia, utilizamos tecnologia de ponta com equipamentos da linha profissional da LG. [&hellip;]<\/p>\n","protected":false},"author":1,"featured_media":110,"parent":0,"menu_order":0,"comment_status":"closed","ping_status":"closed","template":"","meta":{"footnotes":""},"class_list":["post-106","page","type-page","status-publish","has-post-thumbnail","hentry"],"_links":{"self":[{"href":"https:\/\/1lavanderiacabral.com.br\/home\/wp-json\/wp\/v2\/pages\/106","targetHints":{"allow":["GET"]}}],"collection":[{"href":"https:\/\/1lavanderiacabral.com.br\/home\/wp-json\/wp\/v2\/pages"}],"about":[{"href":"https:\/\/1lavanderiacabral.com.br\/home\/wp-json\/wp\/v2\/types\/page"}],"author":[{"embeddable":true,"href":"https:\/\/1lavanderiacabral.com.br\/home\/wp-json\/wp\/v2\/users\/1"}],"replies":[{"embeddable":true,"href":"https:\/\/1lavanderiacabral.com.br\/home\/wp-json\/wp\/v2\/comments?post=106"}],"version-history":[{"count":1,"href":"https:\/\/1lavanderiacabral.com.br\/home\/wp-json\/wp\/v2\/pages\/106\/revisions"}],"predecessor-version":[{"id":108,"href":"https:\/\/1lavanderiacabral.com.br\/home\/wp-json\/wp\/v2\/pages\/106\/revisions\/108"}],"wp:featuredmedia":[{"embeddable":true,"href":"https:\/\/1lavanderiacabral.com.br\/home\/wp-json\/wp\/v2\/media\/110"}],"wp:attachment":[{"href":"https:\/\/1lavanderiacabral.com.br\/home\/wp-json\/wp\/v2\/media?parent=106"}],"curies":[{"name":"wp","href":"https:\/\/api.w.org\/{rel}","templated":true}]}}